{"id":396,"date":"2024-10-02T16:53:31","date_gmt":"2024-10-02T14:53:31","guid":{"rendered":"http:\/\/dieteticiennemariebehar.paris\/?page_id=396"},"modified":"2024-10-07T10:19:33","modified_gmt":"2024-10-07T08:19:33","slug":"maladie-coeliaque","status":"publish","type":"page","link":"https:\/\/dieteticiennemariebehar.paris\/index.php\/maladie-coeliaque\/","title":{"rendered":"Maladie c\u0153liaque"},"content":{"rendered":"<h2>Qu&#8217;est ce que la maladie c\u0153liaque?<\/h2>\n<p>La maladie c\u0153liaque est une maladie auto-immune. Chez certaines personnes, l\u2019ingestion d\u2019une prot\u00e9ine pr\u00e9sente dans les farines (bl\u00e9, orge, seigle) &#8211; le gluten &#8211; d\u00e9clenche une r\u00e9action exag\u00e9r\u00e9e du syst\u00e8me immunitaire. Cette inflammation entra\u00eene la destruction des villosit\u00e9s de la muqueuse intestinale. En cons\u00e9quence, l\u2019absorption des nutriments est plus ou moins r\u00e9duite, en fonction de l\u2019extension de la maladie. Il ne s&#8217;agit pas d&#8217;une allergie alimentaire.<\/p>\n<h2>Epid\u00e9miologie<\/h2>\n<p>Les donn\u00e9es \u00e9pid\u00e9miologiques montrent qu\u2019il s\u2019agit d\u2019une maladie relativement fr\u00e9quente. Elle serait pr\u00e9sente chez 0,5 \u00e0 2% de la population g\u00e9n\u00e9rale. La maladie est deux \u00e0 trois fois plus fr\u00e9quente chez la femme que chez l\u2019homme. <span style=\"color: var(--font-color); font-family: var(--primary-font);\">La maladie peut se r\u00e9v\u00e9ler \u00e0 tout \u00e2ge avec des formes p\u00e9diatriques r\u00e9v\u00e9l\u00e9es pr\u00e9cocement dans l\u2019enfance ou au moment de l\u2019adolescence, des formes r\u00e9v\u00e9l\u00e9es \u00e0 l\u2019\u00e2ge adulte, le plus souvent entre 20 et 40 ans mais avec 20% actuellement de formes tardives diagnostiqu\u00e9es apr\u00e8s l\u2019\u00e2ge de 60 ans. Il n\u2019existe pas de donn\u00e9es scientifiques concernant le lien entre l\u2019augmentation de la fr\u00e9quence de la maladie observ\u00e9e depuis 50 ans et des modifications des habitudes alimentaires ou la modification de la composition du gluten.<\/span><\/p>\n<h2>Diagnostic de la maladie c\u0153liaque<\/h2>\n<p>La difficult\u00e9 du diagnostic repose probablement sur l\u2019h\u00e9t\u00e9rog\u00e9n\u00e9it\u00e9 tr\u00e8s forte des signes cliniques pouvant r\u00e9v\u00e9ler la maladie c\u0153liaque. Il existe des formes typiques avec diarrh\u00e9es, perte de poids, signes de malabsorption de l\u2019intestin gr\u00eale (an\u00e9mie, carence en prot\u00e9ines) qui sont souvent diagnostiqu\u00e9s rapidement. Dans la majorit\u00e9 des cas, les signes cliniques sont atypiques tels qu\u2019une an\u00e9mie isol\u00e9e par carence en fer ou en vitamine B12, une fatigue, des troubles intestinaux ressemblant au <a href=\"https:\/\/dieteticiennemariebehar.paris\/index.php\/syndrome-de-lintestin-irritable\/\">syndrome de l\u2019intestin irritable<\/a> (alternance diarrh\u00e9es, constipation, ballonnements), des douleurs osseuses. Dans ces cas-l\u00e0, le diagnostic est souvent plus tardif.<\/p>\n<p>Le diagnostic repose sur la d\u00e9tection d\u2019anticorps anti-transglutaminases de type IgA positifs et la pr\u00e9sence de l\u00e9sions intestinales \u00e0 type d\u2019atrophie villositaire.\u00a0 Les biopsies duod\u00e9nales r\u00e9alis\u00e9es lors d\u2019une endoscopie digestive haute montrent une augmentation des lymphocytes intra-\u00e9pith\u00e9liaux.<\/p>\n<p>Le diagnostic de maladie c\u0153liaque de l&#8217;enfant peut \u00eatre port\u00e9 sans r\u00e9alisation de biopsies. A condition que les sympt\u00f4mes soient typiques et que les taux sanguins d&#8217;anticorps soint tr\u00e8s \u00e9lev\u00e9s.<\/p>\n<h2>Pr\u00e9disposition g\u00e9n\u00e9tique, condition n\u00e9cessaire mais pas suffisante<\/h2>\n<p>Sans pour autant \u00eatre une maladie g\u00e9n\u00e9tique, la pr\u00e9sence de g\u00e8nes a \u00e9t\u00e9 mise en \u00e9vidence chez les malades c\u0153liaques. Il s&#8217;agit des antig\u00e8nes d\u2019histocompatibilit\u00e9 HLA-DQ2 et -DQ8 (&#8220;Human Leukocyte Antigens&#8221;- antig\u00e8nes des leucocytes humains). La pr\u00e9disposition g\u00e9n\u00e9tique est une condition n\u00e9cessaire mais pas suffisante pour d\u00e9clencher la maladie. Une infection virale dans l&#8217;enfance a \u00e9t\u00e9 mise en cause dans le d\u00e9clenchement de la maladie.<\/p>\n<p>Certaines personnes sont plus susceptibles d\u2019\u00eatre c\u0153liaques. Notamment les apparent\u00e9s au 1<sup>er<\/sup>\u00a0degr\u00e9 de personnes c\u0153liaques avec un risque de 10 %, celles souffrant de maladies auto-immunes comme un diab\u00e8te de type 1 (insulino-d\u00e9pendant), des maladies de la thyro\u00efde et du foie, un vitiligo ou une dermatite herp\u00e9tiforme ; cette \u00e9ruption cutan\u00e9e prurigineuse est l\u2019expression cutan\u00e9e de la maladie c\u0153liaque.<\/p>\n<h2>L&#8217;\u00e9viction du gluten \u00e0 vie<\/h2>\n<p>Le traitement consiste \u00e0 \u00e9viter toute ingestion de gluten au cours de la vie. Que la maladie c\u0153liaque soit s\u00e9v\u00e8re ou l\u00e9g\u00e8re.<\/p>\n<p>La gu\u00e9rison survient dans l\u2019immense majorit\u00e9 des cas avec une repousse villositaire int\u00e9grale apr\u00e8s un an environ. A condition bien sur que le r\u00e9gime sans gluten soit le plus strict possible. La premi\u00e8re cause d\u2019\u00e9chec du traitement est la mauvaise observance du r\u00e9gime sans gluten. Elle est rep\u00e9rable par le dosage des anticorps anti-transglutaminase. Il est parfois difficile de suivre \u00e0 la lettre le r\u00e9gime sans gluten, particuli\u00e8rement astreignant. En effet, le gluten, souvent utilis\u00e9 par l\u2019industrie alimentaire, se retrouve cach\u00e9 dans une multitude de produits sous des d\u00e9nominations diff\u00e9rentes, ou m\u00eame dans certains produits contamin\u00e9s par des farines lors de leur fabrication.<\/p>\n<p><strong>Un di\u00e9t\u00e9ticien et les associations de malades telles que l&#8217;<a href=\"https:\/\/www.afdiag.fr\/\" target=\"_blank\" rel=\"noopener\">AFDIAG<\/a> peuvent \u00eatre d\u2019un grand secours pour les personnes ne parvenant pas \u00e0 suivre un r\u00e9gime sans gluten.<\/strong><\/p>\n","protected":false},"excerpt":{"rendered":"<p>Qu&#8217;est ce que la maladie c\u0153liaque? La maladie c\u0153liaque est une maladie auto-immune. Chez certaines personnes, l\u2019ingestion d\u2019une prot\u00e9ine pr\u00e9sente dans les farines (bl\u00e9, orge, seigle) &#8211; le gluten &#8211; d\u00e9clenche une r\u00e9action exag\u00e9r\u00e9e du syst\u00e8me immunitaire. Cette inflammation entra\u00eene &hellip; <\/p>\n","protected":false},"author":1,"featured_media":405,"parent":0,"menu_order":0,"comment_status":"closed","ping_status":"closed","template":"","meta":{"_themeisle_gutenberg_block_has_review":false,"footnotes":""},"class_list":["post-396","page","type-page","status-publish","has-post-thumbnail","hentry","latest_post"],"_links":{"self":[{"href":"https:\/\/dieteticiennemariebehar.paris\/index.php\/wp-json\/wp\/v2\/pages\/396","targetHints":{"allow":["GET"]}}],"collection":[{"href":"https:\/\/dieteticiennemariebehar.paris\/index.php\/wp-json\/wp\/v2\/pages"}],"about":[{"href":"https:\/\/dieteticiennemariebehar.paris\/index.php\/wp-json\/wp\/v2\/types\/page"}],"author":[{"embeddable":true,"href":"https:\/\/dieteticiennemariebehar.paris\/index.php\/wp-json\/wp\/v2\/users\/1"}],"replies":[{"embeddable":true,"href":"https:\/\/dieteticiennemariebehar.paris\/index.php\/wp-json\/wp\/v2\/comments?post=396"}],"version-history":[{"count":8,"href":"https:\/\/dieteticiennemariebehar.paris\/index.php\/wp-json\/wp\/v2\/pages\/396\/revisions"}],"predecessor-version":[{"id":616,"href":"https:\/\/dieteticiennemariebehar.paris\/index.php\/wp-json\/wp\/v2\/pages\/396\/revisions\/616"}],"wp:featuredmedia":[{"embeddable":true,"href":"https:\/\/dieteticiennemariebehar.paris\/index.php\/wp-json\/wp\/v2\/media\/405"}],"wp:attachment":[{"href":"https:\/\/dieteticiennemariebehar.paris\/index.php\/wp-json\/wp\/v2\/media?parent=396"}],"curies":[{"name":"wp","href":"https:\/\/api.w.org\/{rel}","templated":true}]}}