{"id":421,"date":"2024-09-15T15:25:00","date_gmt":"2024-09-15T13:25:00","guid":{"rendered":"http:\/\/dieteticiennemariebehar.paris\/?page_id=421"},"modified":"2024-10-07T10:20:03","modified_gmt":"2024-10-07T08:20:03","slug":"publications-scientifiques","status":"publish","type":"page","link":"https:\/\/dieteticiennemariebehar.paris\/index.php\/publications-scientifiques\/","title":{"rendered":"Mes publications scientifiques"},"content":{"rendered":"<h3>&#8220;Mes travaux sur l&#8217;alimentation et le Covid-19&#8221;<\/h3>\n<ol>\n<li><em style=\"color: var(--font-color); font-family: var(--primary-font);\">Virginie Masdoua et <strong>Marie Behar<\/strong>, <a href=\"https:\/\/www.bing.com\/ck\/a?!&amp;&amp;p=a627d407466c8196b6d63c3a69e13fd0354848943913b2a684d31e47ea7d6051JmltdHM9MTY1NDAwNjIyNiZpZ3VpZD1lYmQ3ZjgzYS0xNTQ5LTQwN2YtOGZiMS1iODU2NTY0YjgzYmQmaW5zaWQ9NTE0OQ&amp;ptn=3&amp;fclid=6b1eb1b8-e0eb-11ec-8d47-58dcd48a4bf3&amp;u=a1aHR0cDovL3d3dy5hZmRuLm9yZy9pZC0yMDIwLTAyLmh0bWw_Jkw9MTI2&amp;ntb=1\" target=\"_blank\" rel=\"noopener\">face au Covid-19, le r\u00f4le du di\u00e9t\u00e9ticien en \u00e9tablissement de sant\u00e9<\/a>. Information Di\u00e9t\u00e9tique 2020 n\u00b02 AFDN. 2.<\/em><\/li>\n<li><em style=\"color: var(--font-color); font-family: var(--primary-font);\">Vaillant MF, Agier L, Martineau C, Philipponneau M, Romand D, Masdoua V,<strong> Behar M<\/strong>, Nesseler C, Achamrah N, Laub\u00e9 V, Lambert K, Dusquesnoy MN, Albaladejo L, Lathi\u00e8re T, Bosson JL, Fontaine E. <a href=\"https:\/\/pubmed.ncbi.nlm.nih.gov\/34482098\/\" target=\"_blank\" rel=\"noopener\">Food intake and weight loss of surviving inpatients in the course of COVID-19 infection: A longitudinal study of the multicenter NutriCoviD30 cohort. Nutrition<\/a>. 2022 Jan;93:111433. doi: 10.1016\/j.nut.2021.111433. Epub 2021 Jul 27. PMID: 34482098; PMCID: PMC8314865.<\/em><\/li>\n<\/ol>\n<h3>&#8220;Mes travaux sur les effets ind\u00e9sirables induits par les m\u00e9dicaments&#8221;<\/h3>\n<ol>\n<li><em><strong>Marie Behar<\/strong> and Natalia Grabar.<\/em> Semantic distance-based creation of clusters of pharmacovigilance terms and their evaluation. <em>Journal of Biomedical Informatics 2014.<\/em><\/li>\n<li><em><strong>Marie Behar<\/strong>, Laetitia Dupuch, Thierry Hamon and Natalia Grabar<\/em>. Exploitation of semantic methods to cluster pharmacovigilance terms. <em>Journal of Biomedical Semantics 2014.<\/em><\/li>\n<li><em><strong>Marie Behar<\/strong>, Frantz Thiessard, Natalia Grabar and Jim Slattery.<\/em> Introduction : First Workshop on Computational Methods in Pharmacovigilance. <em>Drug Saf 2012; 35 (12) : 1191-1200.<\/em><\/li>\n<li><em><strong>Marie Behar<\/strong>, Laetitia Dupuch, Thierry Hamon, Natalia Grabar.<\/em> Inferring semantic relations between pharmacovigilance terms with terminology structuring methods. <em>Drug Saf 2012; 35 (12) : 1196-1197.<\/em><\/li>\n<li><em><strong>Marie Behar<\/strong>, Fr\u00e9d\u00e9rique Segond, Andr\u00e9 Bittar, Luca Dini, Lina Soualmia, Stefan Darmoni, Quentin Gicquel, Marie-H\u00e9l\u00e8ne Metzger.<\/em> Separate the grain from the cha\ufb00 : disigning a system to make the best use of language and knowledge technologies to model textual medical data extracted from electronic health records. <em>Language and Technology Conference (LTC 2013).<\/em><\/li>\n<li><strong>M<\/strong><em><strong>arie Behar<\/strong>, Christopher Engstrom, Sergei Silvestrov, Thierry Hamon, Natalia Grabar<\/em>. Comparison of clustering approaches through their application to pharmacovigilance terms. <em>AIME 2013 : p. 58-67.<\/em><\/li>\n<li><em>Julien Homo, Laetitia Dupuch, Allel Benbrahim, Natalia Grabar, <strong>Marie Behar<\/strong><\/em>. Customization of biomedical terminologies. <em>Stud Health Technol Inform. 2012;180 :1538.<\/em><\/li>\n<li><em>Thiessard F, Mougin F, Diallo G, Jouhet V, Cossin S, Garcelon N, Campillo B, Jouini W, Grosjean J, Massari P, Gri<\/em><em>\ufb00<\/em><em>on N, <strong>Behar M<\/strong>, Tayalati F, Dugas E, Balvet A, Grabar N, Pereira S, Frandji B, Darmoni S, Cuggia M.<\/em> RAVEL : Retrieval And Visualization in ELectronic health records. <em>Stud Health Technol Inform. 2012;180 :194-8.<\/em><\/li>\n<li><strong>M<\/strong><em><strong>arie Behar<\/strong>, Laetitia Dupuch, Amandine P\u00e9rinet, Thierry Hamon, Natalia Grabar.<\/em> Grouping the Pharmacovigilance terms with a Hybrid Approach. <em>Stud Health Technol Inform. 2012;180 :235-9.<\/em><\/li>\n<li><em>Natalia Grabar, <strong>Marie Behar<\/strong>.<\/em> Exploitation of semantic methods to cluster pharmacovigilance terms. <em>CSHALS 2012. Electronic proceedings.<\/em><\/li>\n<li><strong>M<\/strong><em><strong>arie Behar<\/strong>, C\u00e9dric Bousquet, Natalia Grabar.<\/em> Automatic creation and re\ufb01nement of the clusters of pharmacovigilance terms. <em>IHI ACM 2012 : p. 181-190.<\/em><\/li>\n<li><em><strong>Marie Behar<\/strong>, Magnus Lerch, Anne Jamet, Marie-Christine Jaulent, Reinhard Fescharek, Natalia Grabar.<\/em> Grouping pharmacovigilance terms with semantic distance. <em>Stud Health Technol Inform. 2011;169 :794-8.<\/em><\/li>\n<li><em>Fleur Mougin, <strong>Marie Behar<\/strong>, Natalia Grabar<\/em>. Improving the mapping between MedDRA and SNOMED CT. <em>AIME 2011 : LNAI 6747, p. 220-224, SpringerVerlag Berlin Heidelberg.<\/em><\/li>\n<li><em><strong>Marie Behar<\/strong>, Thierry Hamon, Natalia Grabar.<\/em> Groupement de termes bas\u00e9 sur des r\u00e9gularit\u00e9s linguistiques et s\u00e9mantiques dans un contexte cross-langue. <em>TALN 2013 : p. 62-75.<\/em><\/li>\n<li><em><strong>Marie Behar<\/strong>, Amandine P\u00e9rinet, Thierry Hamon, Natalia Grabar<\/em>. Structuration de terminologies pour la cr\u00e9ation de groupements de termes en pharmacovigilance. <em>JADT 2012 : p. 431-444.<\/em><\/li>\n<li><em><strong>Marie Behar<\/strong>, Amandine P\u00e9rinet, Thierry Hamon, Natalia Grabar.<\/em> Utilisation de m\u00e9thodes de structuration de terminologies pour la cr\u00e9ation de groupements de termes de pharmacovigilance. <em>TIA 2011 : p. 3-9.<\/em><\/li>\n<li><em>Natalia Grabar, <strong>Marie Behar<\/strong>, Fleur Mougin.<\/em> Dommages collat\u00e9raux de la fusion de terminologies. <em>TIA 2011 : p. 10-16.<\/em><\/li>\n<li><em><strong>Marie Behar<\/strong>, Anne Jamet, Marie-Christine Jaulent, Reinhard Fescharek, Natalia Grabar.<\/em> Exploitation de la distance s\u00e9mantique pour la cr\u00e9ation de groupements de termes en pharmacovigilance. Informatique et Sant\u00e9 : Syst\u00e8mes d\u2019information pour l\u2019am\u00e9lioration de la qualit\u00e9 en sant\u00e9. <em>2012;18 :25-36, SpringerVerlag.<\/em><\/li>\n<li><em><strong>Marie Behar<\/strong>, Thierry Hamon, Natalia Grabar.<\/em> Cross-language detection of linguistic and semantic regularities in pharmacovigilance terms. <em>4th International Louhi Workshop on Health Document Text Mining and Information Analysis (Louhi 2013).<\/em><\/li>\n<li><em><strong>Marie Behar<\/strong>, Laetitia Dupuch, Thierry Hamon, Natalia Grabar.<\/em> Semantic distance and terminology structuring methods for the detection of semantically close terms. <em>WS BIONLP 2012 of NAACL : p. 20-28.<\/em><\/li>\n<li><em><strong>Marie Behar<\/strong>, Latitia Dupuch, Thierry Hamon, Natalia Grabar.<\/em> Inferring semantic relations between pharmacovigilance terms with the NLP methods. <em>Computational Methods in Pharmacovigilance Workshop 2012 : p. 27-31.<\/em><\/li>\n<li><em><strong>Marie Behar<\/strong>, Ludovic Trinquart, Isabelle Colombet, Marie-Christine Jaulent, Natalia Grabar.<\/em> Exploitation of semantic similarity for adaptation of existing terminologies within biomedical area. <em>EKAW 2010 WS Reuse and adaptation of terminologies and ontologies.<\/em><\/li>\n<li><em>Gayo Diallo, Natalia Grabar, Frantz Thiessard, Nicolas Garcelon, Julien Grosjean, <strong>Marie Behar<\/strong>,<\/em> Suzanne Pereira, Bruno Frandji, Stefan Darmoni, Marc Cuggia. Towards complex queries on data from complex patients. <em>AMIA 2012.<\/em><\/li>\n<li><em><strong>Marie Behar<\/strong>, Ludovic Trinquart, Isabelle Colombet, Marie-Christine Jaulent, Natalia Grabar.<\/em> Exploitation de la distance s\u00e9mantique pour l\u2019adaptation de terminologies biom\u00e9dicales. <em>Ing\u00e9nierie des Connaissances 2010. <\/em><\/li>\n<\/ol>\n","protected":false},"excerpt":{"rendered":"<p>&#8220;Mes travaux sur l&#8217;alimentation et le Covid-19&#8221; Virginie Masdoua et Marie Behar, face au Covid-19, le r\u00f4le du di\u00e9t\u00e9ticien en \u00e9tablissement de sant\u00e9. Information Di\u00e9t\u00e9tique 2020 n\u00b02 AFDN. 2. Vaillant MF, Agier L, Martineau C, Philipponneau M, Romand D, Masdoua &hellip; <\/p>\n","protected":false},"author":1,"featured_media":445,"parent":0,"menu_order":0,"comment_status":"closed","ping_status":"closed","template":"","meta":{"_themeisle_gutenberg_block_has_review":false,"footnotes":""},"class_list":["post-421","page","type-page","status-publish","has-post-thumbnail","hentry","latest_post"],"_links":{"self":[{"href":"https:\/\/dieteticiennemariebehar.paris\/index.php\/wp-json\/wp\/v2\/pages\/421","targetHints":{"allow":["GET"]}}],"collection":[{"href":"https:\/\/dieteticiennemariebehar.paris\/index.php\/wp-json\/wp\/v2\/pages"}],"about":[{"href":"https:\/\/dieteticiennemariebehar.paris\/index.php\/wp-json\/wp\/v2\/types\/page"}],"author":[{"embeddable":true,"href":"https:\/\/dieteticiennemariebehar.paris\/index.php\/wp-json\/wp\/v2\/users\/1"}],"replies":[{"embeddable":true,"href":"https:\/\/dieteticiennemariebehar.paris\/index.php\/wp-json\/wp\/v2\/comments?post=421"}],"version-history":[{"count":21,"href":"https:\/\/dieteticiennemariebehar.paris\/index.php\/wp-json\/wp\/v2\/pages\/421\/revisions"}],"predecessor-version":[{"id":617,"href":"https:\/\/dieteticiennemariebehar.paris\/index.php\/wp-json\/wp\/v2\/pages\/421\/revisions\/617"}],"wp:featuredmedia":[{"embeddable":true,"href":"https:\/\/dieteticiennemariebehar.paris\/index.php\/wp-json\/wp\/v2\/media\/445"}],"wp:attachment":[{"href":"https:\/\/dieteticiennemariebehar.paris\/index.php\/wp-json\/wp\/v2\/media?parent=421"}],"curies":[{"name":"wp","href":"https:\/\/api.w.org\/{rel}","templated":true}]}}