{"id":455,"date":"2024-10-04T15:59:46","date_gmt":"2024-10-04T13:59:46","guid":{"rendered":"https:\/\/dieteticiennemariebehar.paris\/?page_id=455"},"modified":"2024-10-07T10:16:37","modified_gmt":"2024-10-07T08:16:37","slug":"pathologies-digestives","status":"publish","type":"page","link":"https:\/\/dieteticiennemariebehar.paris\/index.php\/pathologies-digestives\/","title":{"rendered":"Pathologies digestives"},"content":{"rendered":"<p>&nbsp;<\/p>\n<ul>\n<li><a href=\"https:\/\/dieteticiennemariebehar.paris\/index.php\/maladie-de-crohn-rectocolite-hemorragique\/\" target=\"_blank\" rel=\"noopener\">MICI<\/a> (Maladies Inflammatoires Chroniques de l&#8217;Intestin): maladie de Crohn et rectocolite h\u00e9morragique<\/li>\n<li><a href=\"https:\/\/dieteticiennemariebehar.paris\/index.php\/2022\/02\/14\/regime-pauvre-en-fodmaps\/\" target=\"_blank\" rel=\"noopener\">Colopathie fonctionnelle ou syndrome de l&#8217;intestin irritable<\/a> (SII)<\/li>\n<li><a href=\"https:\/\/dieteticiennemariebehar.paris\/index.php\/maladie-coeliaque\/\" target=\"_blank\" rel=\"noopener\">Malade c\u0153liaque ou intol\u00e9rance au gluten<\/a><\/li>\n<\/ul>\n","protected":false},"excerpt":{"rendered":"<p>&nbsp; MICI (Maladies Inflammatoires Chroniques de l&#8217;Intestin): maladie de Crohn et rectocolite h\u00e9morragique Colopathie fonctionnelle ou syndrome de l&#8217;intestin irritable (SII) Malade c\u0153liaque ou intol\u00e9rance au gluten<\/p>\n","protected":false},"author":1,"featured_media":470,"parent":0,"menu_order":0,"comment_status":"closed","ping_status":"closed","template":"","meta":{"_themeisle_gutenberg_block_has_review":false,"footnotes":""},"class_list":["post-455","page","type-page","status-publish","has-post-thumbnail","hentry","latest_post"],"_links":{"self":[{"href":"https:\/\/dieteticiennemariebehar.paris\/index.php\/wp-json\/wp\/v2\/pages\/455","targetHints":{"allow":["GET"]}}],"collection":[{"href":"https:\/\/dieteticiennemariebehar.paris\/index.php\/wp-json\/wp\/v2\/pages"}],"about":[{"href":"https:\/\/dieteticiennemariebehar.paris\/index.php\/wp-json\/wp\/v2\/types\/page"}],"author":[{"embeddable":true,"href":"https:\/\/dieteticiennemariebehar.paris\/index.php\/wp-json\/wp\/v2\/users\/1"}],"replies":[{"embeddable":true,"href":"https:\/\/dieteticiennemariebehar.paris\/index.php\/wp-json\/wp\/v2\/comments?post=455"}],"version-history":[{"count":8,"href":"https:\/\/dieteticiennemariebehar.paris\/index.php\/wp-json\/wp\/v2\/pages\/455\/revisions"}],"predecessor-version":[{"id":471,"href":"https:\/\/dieteticiennemariebehar.paris\/index.php\/wp-json\/wp\/v2\/pages\/455\/revisions\/471"}],"wp:featuredmedia":[{"embeddable":true,"href":"https:\/\/dieteticiennemariebehar.paris\/index.php\/wp-json\/wp\/v2\/media\/470"}],"wp:attachment":[{"href":"https:\/\/dieteticiennemariebehar.paris\/index.php\/wp-json\/wp\/v2\/media?parent=455"}],"curies":[{"name":"wp","href":"https:\/\/api.w.org\/{rel}","templated":true}]}}