{"id":61,"date":"2024-09-25T14:35:57","date_gmt":"2024-09-25T12:35:57","guid":{"rendered":"http:\/\/dieteticiennemariebehar.paris\/?page_id=61"},"modified":"2024-10-07T10:18:29","modified_gmt":"2024-10-07T08:18:29","slug":"tarifs","status":"publish","type":"page","link":"https:\/\/dieteticiennemariebehar.paris\/index.php\/tarifs\/","title":{"rendered":"Tarifs"},"content":{"rendered":"<p>Tarifs consultation di\u00e9t\u00e9tique<\/p>\n<p><strong>1\u00e8re consultation de bilan au cabinet ou en t\u00e9l\u00e9consultation (45minutes) <\/strong>&#8230;&#8230;&#8230;&#8230;&#8230;&#8230;&#8230;&#8230;&#8230;..<strong>80\u20ac<\/strong><\/p>\n<p><strong>Consultation de suivi au cabinet ou en t\u00e9l\u00e9consultation (30 minutes)<\/strong> &#8230;&#8230;&#8230;&#8230;&#8230;&#8230;&#8230;&#8230;&#8230;&#8230;&#8230;&#8230;.. <strong>60\u20ac<\/strong><\/p>\n<p><strong>Consultation pour le syndrome de l&#8217;intestin irritable (30 \u00e0 45 minutes<\/strong>) &#8230;&#8230;&#8230;&#8230;&#8230;&#8230;&#8230;&#8230;&#8230;&#8230;&#8230;. <strong>80\u20ac<\/strong><\/p>\n<p><strong>Consultation pour les maladies intestinales chronique de l&#8217;intestin (30 \u00e0 45 minutes)<\/strong> &#8230;.. <strong>80\u20ac<\/strong><\/p>\n<p><strong>Consultation pour les troubles digestifs (RGO, trouble du transit, gastrite, v\u00e9sicule, ulc\u00e8re, pancr\u00e9atite) (30 \u00e0 45 minutes)<\/strong> &#8230;&#8230;&#8230;&#8230;&#8230;&#8230;&#8230;&#8230;&#8230;&#8230;&#8230;&#8230;&#8230;&#8230;&#8230;&#8230;&#8230;&#8230;&#8230;&#8230;&#8230;&#8230;&#8230;&#8230;&#8230;&#8230;&#8230;&#8230;&#8230;&#8230;&#8230;&#8230;&#8230;&#8230;&#8230;&#8230;&#8230;&#8230;&#8230;&#8230;&#8230;&#8230;&#8230;&#8230;&#8230;&#8230;&#8230;&#8230;&#8230;&#8230;&#8230;&#8230;&#8230;&#8230;&#8230;&#8230;&#8230;&#8230;&#8230; <strong>80\u20ac<\/strong><\/p>\n<p><strong>Consultation de couple<\/strong> <strong>au cabinet <\/strong><strong>(1 heure<\/strong>)&#8230;&#8230;&#8230;&#8230;&#8230;&#8230;&#8230;&#8230;&#8230;&#8230;&#8230;&#8230;&#8230;&#8230;&#8230;&#8230;&#8230;&#8230;&#8230;&#8230;&#8230;&#8230;&#8230;&#8230;&#8230;&#8230;&#8230;&#8230;&#8230;. <strong>140\u20ac<\/strong><\/p>\n<blockquote>\n<h3>\u00a0 \u00a0 \u00a0 \u00a0 \u00a0 \u00a0 \u00a0 \u00a0 \u00a0 \u00a0 \u00a0 \u00a0 \u00a0 A savoir<\/h3>\n<\/blockquote>\n<p>Les consultations sont\u00a0rarement\u00a0prises en charge par la\u00a0s\u00e9curit\u00e9 sociale, n\u00e9anmoins la plupart des\u00a0mutuelles\u00a0les remboursent totalement ou partiellement sur la pr\u00e9sentation d\u2019un justificatif que je vous d\u00e9livrerai.<\/p>\n<p>Renseignez-vous aupr\u00e8s de votre mutuelle !<\/p>\n<p><a style=\"display: block; text-align: center; background-color: #0596de; color: #ffffff; font-size: 14px; overflow: hidden; width: 257px; height: 40px; border-bottom-right-radius: none; border-bottom-left-radius: none; position: fixed; bottom: 0; right: 5px; z-index: 1000; border-top-left-radius: 4px; border-top-right-radius: 4px; line-height: 40px;\" href=\"https:\/\/www.doctolib.fr\/dieteticien\/paris\/marie-behar?utm_campaign=website-button&amp;utm_source=marie-behar-website-button&amp;utm_medium=referral&amp;utm_content=option-5&amp;utm_term=marie-behar\" target=\"_blank\" rel=\"noopener\" data-reactroot=\"\"><span style=\"font-size: 13px;\">Prendre rendez-vous en ligne<\/span><img decoding=\"async\" style=\"height: 15px; margin-bottom: 3px; vertical-align: middle; width: auto;\" src=\"https:\/\/pro.doctolib.fr\/external_button\/doctolib-white-transparent.png\" alt=\"Doctolib\" \/><\/a><\/p>\n","protected":false},"excerpt":{"rendered":"<p>Tarifs consultation di\u00e9t\u00e9tique 1\u00e8re consultation de bilan au cabinet ou en t\u00e9l\u00e9consultation (45minutes) &#8230;&#8230;&#8230;&#8230;&#8230;&#8230;&#8230;&#8230;&#8230;..80\u20ac Consultation de suivi au cabinet ou en t\u00e9l\u00e9consultation (30 minutes) &#8230;&#8230;&#8230;&#8230;&#8230;&#8230;&#8230;&#8230;&#8230;&#8230;&#8230;&#8230;.. 60\u20ac Consultation pour le syndrome de l&#8217;intestin irritable (30 \u00e0 45 minutes) &#8230;&#8230;&#8230;&#8230;&#8230;&#8230;&#8230;&#8230;&#8230;&#8230;&#8230;. 80\u20ac Consultation &hellip; <\/p>\n","protected":false},"author":1,"featured_media":0,"parent":0,"menu_order":0,"comment_status":"closed","ping_status":"closed","template":"","meta":{"_themeisle_gutenberg_block_has_review":false,"footnotes":""},"class_list":["post-61","page","type-page","status-publish","hentry","latest_post"],"_links":{"self":[{"href":"https:\/\/dieteticiennemariebehar.paris\/index.php\/wp-json\/wp\/v2\/pages\/61","targetHints":{"allow":["GET"]}}],"collection":[{"href":"https:\/\/dieteticiennemariebehar.paris\/index.php\/wp-json\/wp\/v2\/pages"}],"about":[{"href":"https:\/\/dieteticiennemariebehar.paris\/index.php\/wp-json\/wp\/v2\/types\/page"}],"author":[{"embeddable":true,"href":"https:\/\/dieteticiennemariebehar.paris\/index.php\/wp-json\/wp\/v2\/users\/1"}],"replies":[{"embeddable":true,"href":"https:\/\/dieteticiennemariebehar.paris\/index.php\/wp-json\/wp\/v2\/comments?post=61"}],"version-history":[{"count":25,"href":"https:\/\/dieteticiennemariebehar.paris\/index.php\/wp-json\/wp\/v2\/pages\/61\/revisions"}],"predecessor-version":[{"id":726,"href":"https:\/\/dieteticiennemariebehar.paris\/index.php\/wp-json\/wp\/v2\/pages\/61\/revisions\/726"}],"wp:attachment":[{"href":"https:\/\/dieteticiennemariebehar.paris\/index.php\/wp-json\/wp\/v2\/media?parent=61"}],"curies":[{"name":"wp","href":"https:\/\/api.w.org\/{rel}","templated":true}]}}