{"id":62,"date":"2024-10-01T14:35:57","date_gmt":"2024-10-01T12:35:57","guid":{"rendered":"http:\/\/dieteticiennemariebehar.paris\/?page_id=62"},"modified":"2025-03-22T23:32:04","modified_gmt":"2025-03-22T22:32:04","slug":"dieteticienne-nutritionniste-paris-14","status":"publish","type":"page","link":"https:\/\/dieteticiennemariebehar.paris\/index.php\/dieteticienne-nutritionniste-paris-14\/","title":{"rendered":"Pr\u00e9sentation"},"content":{"rendered":"<p><strong>Di\u00e9t\u00e9ticienne Nutritionniste dipl\u00f4m\u00e9e d&#8217;\u00e9tat<\/strong>, form\u00e9e \u00e9galement au <a href=\"https:\/\/dieteticiennemariebehar.paris\/index.php\/regime-pauvre-en-fodmaps\/\">r\u00e9gime pauvre en FODMAPs<\/a>, \u00e0 la <a href=\"https:\/\/www.monashfodmap.com\/online-training\/fodmap-dietitians-directory\/\" target=\"_blank\" rel=\"noopener\">Monash University<\/a>, je suis sp\u00e9cialis\u00e9e dans les troubles digestifs tels que le <a href=\"https:\/\/dieteticiennemariebehar.paris\/index.php\/regime-fodmaps-colopathie-fonctionnelle\/\">syndrome de l&#8217;intestin irritable<\/a>, le SIBO, les ballonnements, les flatulences (gaz), les <a href=\"https:\/\/dieteticiennemariebehar.paris\/index.php\/2025\/03\/19\/que-manger-en-cas-de-reflux-gastriques\/\" target=\"_blank\" rel=\"noopener\">reflux gastriques<\/a>, la diarrh\u00e9e, la constipation et les douleurs abdominales. J&#8217;anime aussi de nombreux ateliers autour de l&#8217;alimentation et des <a href=\"https:\/\/dieteticiennemariebehar.paris\/index.php\/regimes-anti-mici\/\">maladies chroniques intestinales<\/a> (maladie de Crohn, rectocolite h\u00e9morragique) et des maladies h\u00e9patiques (<a href=\"https:\/\/dieteticiennemariebehar.paris\/index.php\/la-nash\/\" target=\"_blank\" rel=\"noopener\">foie gras<\/a>, <a href=\"https:\/\/dieteticiennemariebehar.paris\/index.php\/la-nash\/\" target=\"_blank\" rel=\"noopener\">st\u00e9atose<\/a>, <a href=\"https:\/\/dieteticiennemariebehar.paris\/index.php\/la-nash\/\" target=\"_blank\" rel=\"noopener\">Nash<\/a>).<\/p>\n<p>Je travaille depuis de nombreuses ann\u00e9es \u00e0 l&#8217;<a href=\"https:\/\/hopital-bichat.aphp.fr\/\" target=\"_blank\" rel=\"noopener\">H\u00f4pital Bichat<\/a> (Paris 18\u00e8me) dans les services d&#8217;h\u00e9pato-gastro-ent\u00e9rologie, de diab\u00e9tologie et d&#8217;ob\u00e9sit\u00e9. D\u00e9sormais je vous accueille dans <a href=\"https:\/\/dieteticiennemariebehar.paris\/index.php\/paris-14\/\" target=\"_blank\" rel=\"noopener\">mon cabinet<\/a> les lundis, mardis et mercredis.<\/p>\n<h3>Mon parcours<\/h3>\n<p>Apr\u00e8s des \u00e9tudes de Math\u00e9matiques puis un Doctorat en Informatique M\u00e9dical \u00e0 l&#8217;Universit\u00e9 Pierre et Marie Curie &#8211; Paris 6, j&#8217;ai\u00a0 travaill\u00e9 de nombreuse ann\u00e9es \u00e0 l&#8217;INSERM en tant que chercheur dans le domaine m\u00e9dical. <a href=\"http:\/\/dieteticiennemariebehar.paris\/index.php\/mes-travaux-de-recherche\/\" target=\"_blank\" rel=\"noopener\">Mes travaux<\/a> portaient sur les effets ind\u00e9sirables des m\u00e9dicaments. Les recherches que j&#8217;ai men\u00e9es m&#8217;ont confort\u00e9es dans l&#8217;id\u00e9e que la pr\u00e9vention joue un r\u00f4le d\u00e9terminant sur notre sant\u00e9, ainsi r\u00e9duire les facteurs de risques permettrait de diminuer la pr\u00e9valence d&#8217;un certain nombre de maladies. Aujourd&#8217;hui, je suis convaincue que la pr\u00e9vention passe par une alimentation saine et \u00e9quilibr\u00e9e associ\u00e9e \u00e0 un mode de vie adapt\u00e9. J&#8217;ai choisi de devenir di\u00e9t\u00e9ticienne pour \u00eatre \u00e0 votre contact afin de vous aider \u00e0 entreprendre cette d\u00e9marche. Mon objectif est de mettre en place des solutions adapt\u00e9es \u00e0 vos besoins et \u00e0 vos objectifs.<\/p>\n<h3>Mes sp\u00e9cialit\u00e9s<\/h3>\n<ul>\n<li>Les maladies digestives: le syndrome de l&#8217;intestin irritable, le SIBO, les maladies inflammatoires chroniques de l&#8217;intestin (MICI), maladie de Crohn, rectocolite h\u00e9morragique, la <a href=\"https:\/\/dieteticiennemariebehar.paris\/index.php\/maladie-coeliaque\/\" target=\"_blank\" rel=\"noopener\">maladie c\u0153liaque<\/a>, la <a href=\"https:\/\/dieteticiennemariebehar.paris\/index.php\/2025\/03\/18\/quelle-alimentation-faut-il-privilegier-en-cas-de-gastrite-je-vous-reponds-dans-sante-magazine\/\" target=\"_blank\" rel=\"noopener\">gastrite<\/a><\/li>\n<li>Les troubles digestifs: ballonnements, diarrh\u00e9es, constipation, <a href=\"https:\/\/dieteticiennemariebehar.paris\/index.php\/2025\/03\/19\/que-manger-en-cas-de-reflux-gastriques\/\" target=\"_blank\" rel=\"noopener\">reflux gastrique<\/a><\/li>\n<li>Les maladies h\u00e9patiques: foie gras, st\u00e9atose h\u00e9patique, Nash, cirrhose h\u00e9patique<\/li>\n<li>Les maladies cardio-vasculaires: hypertension art\u00e9rielle, hypercholest\u00e9rol\u00e9mie, hypertriglyc\u00e9rid\u00e9mie<\/li>\n<li>Le diab\u00e8te de type2, insulino-d\u00e9pendant de type 1, gestationnel<\/li>\n<li>Le surpoids et l&#8217;ob\u00e9sit\u00e9<\/li>\n<li>Les femmes enceintes<\/li>\n<li>L&#8217;endom\u00e9triose<\/li>\n<\/ul>\n<p><a style=\"display: block; text-align: center; background-color: #0596de; color: #ffffff; font-size: 14px; overflow: hidden; width: 257px; height: 40px; border-bottom-right-radius: none; border-bottom-left-radius: none; position: fixed; bottom: 0; right: 5px; z-index: 1000; border-top-left-radius: 4px; border-top-right-radius: 4px; line-height: 40px;\" href=\"https:\/\/www.doctolib.fr\/dieteticien\/paris\/marie-behar?utm_campaign=website-button&amp;utm_source=marie-behar-website-button&amp;utm_medium=referral&amp;utm_content=option-5&amp;utm_term=marie-behar\" target=\"_blank\" rel=\"noopener\" data-reactroot=\"\"><span style=\"font-size: 13px;\">Prendre rendez-vous en ligne<\/span><img decoding=\"async\" style=\"height: 15px; margin-bottom: 3px; vertical-align: middle; width: auto;\" src=\"https:\/\/pro.doctolib.fr\/external_button\/doctolib-white-transparent.png\" alt=\"Doctolib\" \/><\/a><\/p>\n","protected":false},"excerpt":{"rendered":"<p>Di\u00e9t\u00e9ticienne Nutritionniste dipl\u00f4m\u00e9e d&#8217;\u00e9tat, form\u00e9e \u00e9galement au r\u00e9gime pauvre en FODMAPs, \u00e0 la Monash University, je suis sp\u00e9cialis\u00e9e dans les troubles digestifs tels que le syndrome de l&#8217;intestin irritable, le SIBO, les ballonnements, les flatulences (gaz), les reflux gastriques, la &hellip; <\/p>\n","protected":false},"author":1,"featured_media":0,"parent":0,"menu_order":0,"comment_status":"closed","ping_status":"closed","template":"","meta":{"_themeisle_gutenberg_block_has_review":false,"footnotes":""},"class_list":["post-62","page","type-page","status-publish","hentry","latest_post"],"_links":{"self":[{"href":"https:\/\/dieteticiennemariebehar.paris\/index.php\/wp-json\/wp\/v2\/pages\/62","targetHints":{"allow":["GET"]}}],"collection":[{"href":"https:\/\/dieteticiennemariebehar.paris\/index.php\/wp-json\/wp\/v2\/pages"}],"about":[{"href":"https:\/\/dieteticiennemariebehar.paris\/index.php\/wp-json\/wp\/v2\/types\/page"}],"author":[{"embeddable":true,"href":"https:\/\/dieteticiennemariebehar.paris\/index.php\/wp-json\/wp\/v2\/users\/1"}],"replies":[{"embeddable":true,"href":"https:\/\/dieteticiennemariebehar.paris\/index.php\/wp-json\/wp\/v2\/comments?post=62"}],"version-history":[{"count":52,"href":"https:\/\/dieteticiennemariebehar.paris\/index.php\/wp-json\/wp\/v2\/pages\/62\/revisions"}],"predecessor-version":[{"id":831,"href":"https:\/\/dieteticiennemariebehar.paris\/index.php\/wp-json\/wp\/v2\/pages\/62\/revisions\/831"}],"wp:attachment":[{"href":"https:\/\/dieteticiennemariebehar.paris\/index.php\/wp-json\/wp\/v2\/media?parent=62"}],"curies":[{"name":"wp","href":"https:\/\/api.w.org\/{rel}","templated":true}]}}