{"id":64,"date":"2024-10-01T14:35:57","date_gmt":"2024-10-01T12:35:57","guid":{"rendered":"http:\/\/dieteticiennemariebehar.paris\/?page_id=64"},"modified":"2024-10-07T10:19:10","modified_gmt":"2024-10-07T08:19:10","slug":"paris-14","status":"publish","type":"page","link":"https:\/\/dieteticiennemariebehar.paris\/index.php\/paris-14\/","title":{"rendered":"Contact"},"content":{"rendered":"<h4><em>Carte et informations d&#8217;acc\u00e8s<\/em><\/h4>\n<p><img loading=\"lazy\" decoding=\"async\" class=\"wp-image-780 \" src=\"https:\/\/dieteticiennemariebehar.paris\/wp-content\/uploads\/2024\/10\/adresse-300x154.png\" alt=\"169 rue de Rennes\" width=\"508\" height=\"261\" srcset=\"https:\/\/dieteticiennemariebehar.paris\/wp-content\/uploads\/2024\/10\/adresse-300x154.png 300w, https:\/\/dieteticiennemariebehar.paris\/wp-content\/uploads\/2024\/10\/adresse-117x60.png 117w, https:\/\/dieteticiennemariebehar.paris\/wp-content\/uploads\/2024\/10\/adresse.png 631w\" sizes=\"auto, (max-width: 508px) 100vw, 508px\" \/><\/p>\n<div class=\"dl-profile-text\">\n<p><em><strong>Consultation di\u00e9t\u00e9tique Paris 6\u00e8me<\/strong><\/em><\/p>\n<div><\/div>\n<div><strong>Cabinet M\u00e9dical<\/strong><\/div>\n<div><a href=\"https:\/\/www.google.fr\/maps\/place\/169+Rue+de+Rennes,+75006+Paris\/@48.8443446,2.3221021,17z\/data=!3m1!4b1!4m6!3m5!1s0x47e671cdb22be5a1:0x4dc0cb6cb17a6aa9!8m2!3d48.8443411!4d2.324677!16s%2Fg%2F11b8v47_v4?entry=ttu&amp;g_ep=EgoyMDI0MTAwMi4xIKXMDSoASAFQAw%3D%3D\" target=\"_blank\" rel=\"noopener\">169, rue de Rennes<\/a><\/div>\n<div>75006 Paris<\/div>\n<\/div>\n<div><\/div>\n<div><\/div>\n<div><strong>Moyens de transport<\/strong><\/div>\n<div>M\u00e9tro &#8211; Montparnasse-Bienven\u00fce (lignes 4, 6, 12 et 13)<br \/>\nM\u00e9tro &#8211; Saint-Placide (ligne 4)<br \/>\nRER &#8211; Port-Royal (ligne B)<\/div>\n<div><\/div>\n<div><\/div>\n<div class=\"dl-profile-text\"><strong>Parking public<\/strong><\/div>\n<div>Rennes Montparnasse<br \/>\n151 Rue de Rennes, 75006 Paris<\/div>\n<div><\/div>\n<div><\/div>\n<div><strong>Informations pratiques<\/strong><\/div>\n<div>1er \u00e9tage avec ascenseur<\/div>\n<div class=\"dl-profile-text\">\n<p>&nbsp;<\/p>\n<p>&nbsp;<\/p>\n<\/div>\n<p>&nbsp;<\/p>\n","protected":false},"excerpt":{"rendered":"<p>Carte et informations d&#8217;acc\u00e8s Consultation di\u00e9t\u00e9tique Paris 6\u00e8me Cabinet M\u00e9dical 169, rue de Rennes 75006 Paris Moyens de transport M\u00e9tro &#8211; Montparnasse-Bienven\u00fce (lignes 4, 6, 12 et 13) M\u00e9tro &#8211; Saint-Placide (ligne 4) RER &#8211; Port-Royal (ligne B) Parking public &hellip; <\/p>\n","protected":false},"author":1,"featured_media":0,"parent":0,"menu_order":0,"comment_status":"closed","ping_status":"closed","template":"","meta":{"_themeisle_gutenberg_block_has_review":false,"footnotes":""},"class_list":["post-64","page","type-page","status-publish","hentry","latest_post"],"_links":{"self":[{"href":"https:\/\/dieteticiennemariebehar.paris\/index.php\/wp-json\/wp\/v2\/pages\/64","targetHints":{"allow":["GET"]}}],"collection":[{"href":"https:\/\/dieteticiennemariebehar.paris\/index.php\/wp-json\/wp\/v2\/pages"}],"about":[{"href":"https:\/\/dieteticiennemariebehar.paris\/index.php\/wp-json\/wp\/v2\/types\/page"}],"author":[{"embeddable":true,"href":"https:\/\/dieteticiennemariebehar.paris\/index.php\/wp-json\/wp\/v2\/users\/1"}],"replies":[{"embeddable":true,"href":"https:\/\/dieteticiennemariebehar.paris\/index.php\/wp-json\/wp\/v2\/comments?post=64"}],"version-history":[{"count":52,"href":"https:\/\/dieteticiennemariebehar.paris\/index.php\/wp-json\/wp\/v2\/pages\/64\/revisions"}],"predecessor-version":[{"id":782,"href":"https:\/\/dieteticiennemariebehar.paris\/index.php\/wp-json\/wp\/v2\/pages\/64\/revisions\/782"}],"wp:attachment":[{"href":"https:\/\/dieteticiennemariebehar.paris\/index.php\/wp-json\/wp\/v2\/media?parent=64"}],"curies":[{"name":"wp","href":"https:\/\/api.w.org\/{rel}","templated":true}]}}