{"id":852,"date":"2025-05-15T19:58:29","date_gmt":"2025-05-15T17:58:29","guid":{"rendered":"https:\/\/dieteticiennemariebehar.paris\/index.php\/newsletter\/"},"modified":"2025-05-25T17:47:45","modified_gmt":"2025-05-25T15:47:45","slug":"newsletter","status":"publish","type":"page","link":"https:\/\/dieteticiennemariebehar.paris\/index.php\/newsletter\/","title":{"rendered":"Newsletter"},"content":{"rendered":"<p><strong data-start=\"205\" data-end=\"298\">Bienvenue dans la newsletter de Marie Behar<br \/>\nDi\u00e9t\u00e9ticienne Nutritionniste sp\u00e9cialis\u00e9e dans les troubles digestifs<\/strong><br data-start=\"301\" data-end=\"304\" \/>Vous \u00eates de plus en plus nombreux\u00b7ses \u00e0 chercher des r\u00e9ponses \u00e0 vos troubles digestifs, \u00e0 vos inconforts alimentaires, ou \u00e0 mieux comprendre votre relation \u00e0 l\u2019alimentation. Dans cette newsletter, je vous propose chaque mois des <strong data-start=\"534\" data-end=\"578\">conseils clairs et fond\u00e9s sur la science<\/strong>, des <strong data-start=\"584\" data-end=\"603\">outils concrets<\/strong>, et des <strong data-start=\"612\" data-end=\"642\">actualit\u00e9s nutritionnelles<\/strong> autour de sujets qui vous concernent : syndrome de l\u2019intestin irritable (SII), r\u00e9gime FODMAPs, reflux gastro-\u0153sophagien (RGO), br\u00fblures d&#8217;estomac, ballonnements, maux de ventre, microbiote, st\u00e9atose h\u00e9patique (&#8220;foie gras&#8221;), alimentation anti-inflammatoire, et bien plus encore.<\/p>\n<p class=\"\" data-start=\"830\" data-end=\"857\">Que trouverez-vous ici ?<\/p>\n<ul data-start=\"858\" data-end=\"1084\">\n<li class=\"\" data-start=\"858\" data-end=\"923\">\n<p class=\"\" data-start=\"860\" data-end=\"923\">Des <strong data-start=\"864\" data-end=\"888\">dossiers th\u00e9matiques<\/strong> sur la digestion et l\u2019alimentation<\/p>\n<\/li>\n<li class=\"\" data-start=\"924\" data-end=\"976\">\n<p class=\"\" data-start=\"926\" data-end=\"976\">Des <strong data-start=\"930\" data-end=\"976\">r\u00e9ponses simples \u00e0 des questions complexes<\/strong><\/p>\n<\/li>\n<li class=\"\" data-start=\"977\" data-end=\"1026\">\n<p class=\"\" data-start=\"979\" data-end=\"1026\">Des <strong data-start=\"983\" data-end=\"1026\">conseils pratiques et recettes adapt\u00e9es<\/strong><\/p>\n<\/li>\n<li class=\"\" data-start=\"1027\" data-end=\"1084\">\n<p class=\"\" data-start=\"1029\" data-end=\"1084\">Un regard critique sur les tests et pratiques \u00e0 la mode<\/p>\n<\/li>\n<\/ul>\n<p class=\"\" data-start=\"1086\" data-end=\"1252\">\u2728 Mon objectif : vous accompagner avec rigueur et bienveillance pour que vous retrouviez un <strong data-start=\"1178\" data-end=\"1208\">bien-\u00eatre digestif durable<\/strong>, sans culpabilit\u00e9 ni restrictions inutiles.<\/p>\n<p class=\"\" data-start=\"1254\" data-end=\"1336\">\u00c0 tr\u00e8s vite dans votre bo\u00eete mail,<\/p>\n<p class=\"\" data-start=\"1254\" data-end=\"1336\"><strong data-start=\"1291\" data-end=\"1336\">Marie Behar, Di\u00e9t\u00e9ticienne-Nutritionniste<\/strong><\/p>\n<div class=\"tnp tnp-subscription \">\n<form method=\"post\" action=\"https:\/\/dieteticiennemariebehar.paris\/wp-admin\/admin-ajax.php?action=tnp&amp;na=s\">\n<input type=\"hidden\" name=\"nlang\" value=\"\">\n<div class=\"tnp-field tnp-field-firstname\"><label for=\"tnp-1\">Pr\u00e9nom<\/label>\n<input class=\"tnp-name\" type=\"text\" name=\"nn\" id=\"tnp-1\" value=\"\" placeholder=\"\"><\/div>\n<div class=\"tnp-field tnp-field-surname\"><label for=\"tnp-2\">Nom de famille<\/label>\n<input class=\"tnp-surname\" type=\"text\" name=\"ns\" id=\"tnp-2\" value=\"\" placeholder=\"\"><\/div><div class=\"tnp-field tnp-field-email\"><label for=\"tnp-3\">E-mail<\/label>\n<input class=\"tnp-email\" type=\"email\" name=\"ne\" id=\"tnp-3\" value=\"\" placeholder=\"\" required><\/div>\n<div class=\"tnp-field tnp-privacy-field\"><label><input type=\"checkbox\" name=\"ny\" required class=\"tnp-privacy\"> I accept the privacy policy<\/label><\/div><div class=\"tnp-field tnp-field-button\" style=\"text-align: left\"><input class=\"tnp-submit\" type=\"submit\" value=\"S&#039;abonner\" style=\"\">\n<\/div>\n<\/form>\n<\/div>\n\n","protected":false},"excerpt":{"rendered":"<p>Bienvenue dans la newsletter de Marie Behar Di\u00e9t\u00e9ticienne Nutritionniste sp\u00e9cialis\u00e9e dans les troubles digestifsVous \u00eates de plus en plus nombreux\u00b7ses \u00e0 chercher des r\u00e9ponses \u00e0 vos troubles digestifs, \u00e0 vos inconforts alimentaires, ou \u00e0 mieux comprendre votre relation \u00e0 l\u2019alimentation. &hellip; <\/p>\n","protected":false},"author":1,"featured_media":870,"parent":0,"menu_order":0,"comment_status":"closed","ping_status":"closed","template":"","meta":{"_themeisle_gutenberg_block_has_review":false,"footnotes":""},"class_list":["post-852","page","type-page","status-publish","has-post-thumbnail","hentry","latest_post"],"_links":{"self":[{"href":"https:\/\/dieteticiennemariebehar.paris\/index.php\/wp-json\/wp\/v2\/pages\/852","targetHints":{"allow":["GET"]}}],"collection":[{"href":"https:\/\/dieteticiennemariebehar.paris\/index.php\/wp-json\/wp\/v2\/pages"}],"about":[{"href":"https:\/\/dieteticiennemariebehar.paris\/index.php\/wp-json\/wp\/v2\/types\/page"}],"author":[{"embeddable":true,"href":"https:\/\/dieteticiennemariebehar.paris\/index.php\/wp-json\/wp\/v2\/users\/1"}],"replies":[{"embeddable":true,"href":"https:\/\/dieteticiennemariebehar.paris\/index.php\/wp-json\/wp\/v2\/comments?post=852"}],"version-history":[{"count":7,"href":"https:\/\/dieteticiennemariebehar.paris\/index.php\/wp-json\/wp\/v2\/pages\/852\/revisions"}],"predecessor-version":[{"id":875,"href":"https:\/\/dieteticiennemariebehar.paris\/index.php\/wp-json\/wp\/v2\/pages\/852\/revisions\/875"}],"wp:featuredmedia":[{"embeddable":true,"href":"https:\/\/dieteticiennemariebehar.paris\/index.php\/wp-json\/wp\/v2\/media\/870"}],"wp:attachment":[{"href":"https:\/\/dieteticiennemariebehar.paris\/index.php\/wp-json\/wp\/v2\/media?parent=852"}],"curies":[{"name":"wp","href":"https:\/\/api.w.org\/{rel}","templated":true}]}}